{"id":18,"date":"2022-06-09T18:16:24","date_gmt":"2022-06-09T16:16:24","guid":{"rendered":"https:\/\/kovotesch.eu\/?page_id=18"},"modified":"2022-08-17T00:08:37","modified_gmt":"2022-08-16T22:08:37","slug":"vytvorte-si-svuj-web-s-bloky-2","status":"publish","type":"page","link":"https:\/\/kovotesch.eu\/","title":{"rendered":"KOVO TESCH"},"content":{"rendered":"\n<h2 class=\"has-text-align-center\">Kovov\u00fdroba na m\u00edru<\/h2>\n\n\n\n<figure class=\"is-layout-flex wp-block-gallery-1 wp-block-gallery has-nested-images columns-4 is-cropped\">\n<figure class=\"wp-block-image size-large\"><img decoding=\"async\" loading=\"lazy\" width=\"1024\" height=\"576\" data-id=\"70\"  src=\"https:\/\/kovotesch.eu\/wp-content\/uploads\/2022\/08\/WhatsApp-Image-2022-08-15-at-14.20.19-1024x576.jpeg\" alt=\"\" class=\"wp-image-70\" srcset=\"https:\/\/kovotesch.eu\/wp-content\/uploads\/2022\/08\/WhatsApp-Image-2022-08-15-at-14.20.19-1024x576.jpeg 1024w, https:\/\/kovotesch.eu\/wp-content\/uploads\/2022\/08\/WhatsApp-Image-2022-08-15-at-14.20.19-300x169.jpeg 300w, https:\/\/kovotesch.eu\/wp-content\/uploads\/2022\/08\/WhatsApp-Image-2022-08-15-at-14.20.19-768x432.jpeg 768w, https:\/\/kovotesch.eu\/wp-content\/uploads\/2022\/08\/WhatsApp-Image-2022-08-15-at-14.20.19-1536x864.jpeg 1536w, https:\/\/kovotesch.eu\/wp-content\/uploads\/2022\/08\/WhatsApp-Image-2022-08-15-at-14.20.19-1568x882.jpeg 1568w, https:\/\/kovotesch.eu\/wp-content\/uploads\/2022\/08\/WhatsApp-Image-2022-08-15-at-14.20.19.jpeg 2048w\" sizes=\"(max-width: 1024px) 100vw, 1024px\" \/><\/figure>\n\n\n\n<figure class=\"wp-block-image size-large\"><img decoding=\"async\" loading=\"lazy\" width=\"1024\" height=\"576\" data-id=\"69\"  src=\"https:\/\/kovotesch.eu\/wp-content\/uploads\/2022\/08\/WhatsApp-Image-2022-08-15-at-14.18.48-1024x576.jpeg\" alt=\"\" class=\"wp-image-69\" srcset=\"https:\/\/kovotesch.eu\/wp-content\/uploads\/2022\/08\/WhatsApp-Image-2022-08-15-at-14.18.48-1024x576.jpeg 1024w, https:\/\/kovotesch.eu\/wp-content\/uploads\/2022\/08\/WhatsApp-Image-2022-08-15-at-14.18.48-300x169.jpeg 300w, https:\/\/kovotesch.eu\/wp-content\/uploads\/2022\/08\/WhatsApp-Image-2022-08-15-at-14.18.48-768x432.jpeg 768w, https:\/\/kovotesch.eu\/wp-content\/uploads\/2022\/08\/WhatsApp-Image-2022-08-15-at-14.18.48-1536x864.jpeg 1536w, https:\/\/kovotesch.eu\/wp-content\/uploads\/2022\/08\/WhatsApp-Image-2022-08-15-at-14.18.48-1568x882.jpeg 1568w, https:\/\/kovotesch.eu\/wp-content\/uploads\/2022\/08\/WhatsApp-Image-2022-08-15-at-14.18.48.jpeg 2048w\" sizes=\"(max-width: 1024px) 100vw, 1024px\" \/><\/figure>\n\n\n\n<figure class=\"wp-block-image size-large\"><img decoding=\"async\" loading=\"lazy\" width=\"768\" height=\"1024\" data-id=\"71\"  src=\"https:\/\/kovotesch.eu\/wp-content\/uploads\/2022\/08\/WhatsApp-Image-2022-08-15-at-14.18.42-768x1024.jpeg\" alt=\"\" class=\"wp-image-71\" srcset=\"https:\/\/kovotesch.eu\/wp-content\/uploads\/2022\/08\/WhatsApp-Image-2022-08-15-at-14.18.42-768x1024.jpeg 768w, https:\/\/kovotesch.eu\/wp-content\/uploads\/2022\/08\/WhatsApp-Image-2022-08-15-at-14.18.42-225x300.jpeg 225w, https:\/\/kovotesch.eu\/wp-content\/uploads\/2022\/08\/WhatsApp-Image-2022-08-15-at-14.18.42-1152x1536.jpeg 1152w, https:\/\/kovotesch.eu\/wp-content\/uploads\/2022\/08\/WhatsApp-Image-2022-08-15-at-14.18.42.jpeg 1536w\" sizes=\"(max-width: 768px) 100vw, 768px\" \/><\/figure>\n\n\n\n<figure class=\"wp-block-image size-large\"><img decoding=\"async\" loading=\"lazy\" width=\"768\" height=\"1024\" data-id=\"68\"  src=\"https:\/\/kovotesch.eu\/wp-content\/uploads\/2022\/08\/WhatsApp-Image-2022-08-15-at-14.18.31-768x1024.jpeg\" alt=\"\" class=\"wp-image-68\" srcset=\"https:\/\/kovotesch.eu\/wp-content\/uploads\/2022\/08\/WhatsApp-Image-2022-08-15-at-14.18.31-768x1024.jpeg 768w, https:\/\/kovotesch.eu\/wp-content\/uploads\/2022\/08\/WhatsApp-Image-2022-08-15-at-14.18.31-225x300.jpeg 225w, https:\/\/kovotesch.eu\/wp-content\/uploads\/2022\/08\/WhatsApp-Image-2022-08-15-at-14.18.31-1152x1536.jpeg 1152w, https:\/\/kovotesch.eu\/wp-content\/uploads\/2022\/08\/WhatsApp-Image-2022-08-15-at-14.18.31.jpeg 1536w\" sizes=\"(max-width: 768px) 100vw, 768px\" \/><\/figure>\n<\/figure>\n\n\n\n<p>Prim\u00e1rn\u00ed je spokojen\u00fd z\u00e1kazn\u00edk. Prvo\u0159ad\u011b klademe d\u016fraz na kvalitu a term\u00edn pln\u011bn\u00ed dod\u00e1vek, bezpe\u010dnost pr\u00e1ce a ochranu \u017eivotn\u00edho prost\u0159ed\u00ed, pracujeme s atestovanou technikou. Na\u0161im klient\u016fm nab\u00edz\u00edme kompletn\u00ed realizaci zak\u00e1zek. D\u00e1le poskytujeme poradenskou a projek\u010dn\u00ed \u010dinnost. Jsme ryze \u010desk\u00e1 firma. Kter\u00e1 vyu\u017e\u00edv\u00e1 vhodn\u00e1 a provozn\u011b bezpe\u010dn\u00e1 technick\u00e1 za\u0159\u00edzen\u00ed a proto m\u016f\u017eeme realizovat zak\u00e1zky a spl\u0148ujeme po\u017eadavky na kvalitu a term\u00edn .<\/p>\n\n\n\n<p><strong>V\u00fdroba konstrukc\u00ed<\/strong>: reg\u00e1ly, m\u0159\u00ed\u017ee, ploty, lavi\u010dky, z\u00e1bradl\u00ed<br><strong>Mont\u00e1\u017ee:<\/strong> schodi\u0161\u0165ov\u00e1 a balk\u00f3nov\u00e1 z\u00e1bradl\u00ed, m\u0159\u00ed\u017ee, kovov\u00e9 dopl\u0148ky do exteri\u00e9r\u016f a interi\u00e9r\u016f<br><\/p>\n\n\n\n<p>V p\u0159\u00edpad\u011b z\u00e1jmu n\u00e1s nev\u00e1hejte kontaktovat.<br>tel: +420 704 780 140         email: info@kovotesch.eu<\/p>\n","protected":false},"excerpt":{"rendered":"<p>Kovov\u00fdroba na m\u00edru Prim\u00e1rn\u00ed je spokojen\u00fd z\u00e1kazn\u00edk. Prvo\u0159ad\u011b klademe d\u016fraz na kvalitu a term\u00edn pln\u011bn\u00ed dod\u00e1vek, bezpe\u010dnost pr\u00e1ce a ochranu \u017eivotn\u00edho prost\u0159ed\u00ed, pracujeme s atestovanou technikou. Na\u0161im klient\u016fm nab\u00edz\u00edme kompletn\u00ed realizaci zak\u00e1zek. D\u00e1le poskytujeme poradenskou a projek\u010dn\u00ed \u010dinnost. Jsme ryze \u010desk\u00e1 firma. Kter\u00e1 vyu\u017e\u00edv\u00e1 vhodn\u00e1 a provozn\u011b bezpe\u010dn\u00e1 technick\u00e1 za\u0159\u00edzen\u00ed a proto m\u016f\u017eeme realizovat zak\u00e1zky&hellip; <a class=\"more-link\" href=\"https:\/\/kovotesch.eu\/\">Pokra\u010dovat ve\u00a0\u010dten\u00ed <span class=\"screen-reader-text\">KOVO TESCH<\/span><\/a><\/p>\n","protected":false},"author":1,"featured_media":0,"parent":0,"menu_order":0,"comment_status":"closed","ping_status":"closed","template":"","meta":[],"_links":{"self":[{"href":"https:\/\/kovotesch.eu\/index.php?rest_route=\/wp\/v2\/pages\/18"}],"collection":[{"href":"https:\/\/kovotesch.eu\/index.php?rest_route=\/wp\/v2\/pages"}],"about":[{"href":"https:\/\/kovotesch.eu\/index.php?rest_route=\/wp\/v2\/types\/page"}],"author":[{"embeddable":true,"href":"https:\/\/kovotesch.eu\/index.php?rest_route=\/wp\/v2\/users\/1"}],"replies":[{"embeddable":true,"href":"https:\/\/kovotesch.eu\/index.php?rest_route=%2Fwp%2Fv2%2Fcomments&post=18"}],"version-history":[{"count":11,"href":"https:\/\/kovotesch.eu\/index.php?rest_route=\/wp\/v2\/pages\/18\/revisions"}],"predecessor-version":[{"id":79,"href":"https:\/\/kovotesch.eu\/index.php?rest_route=\/wp\/v2\/pages\/18\/revisions\/79"}],"wp:attachment":[{"href":"https:\/\/kovotesch.eu\/index.php?rest_route=%2Fwp%2Fv2%2Fmedia&parent=18"}],"curies":[{"name":"wp","href":"https:\/\/api.w.org\/{rel}","templated":true}]}}